{"id":10,"date":"2025-08-02T13:52:05","date_gmt":"2025-08-02T13:52:05","guid":{"rendered":"https:\/\/gorkalasajardineria.rkinformatika.online\/?page_id=10"},"modified":"2025-08-04T08:12:16","modified_gmt":"2025-08-04T08:12:16","slug":"inicio","status":"publish","type":"page","link":"https:\/\/gorkalasajardineria.com\/eu\/","title":{"rendered":"Hasiera"},"content":{"rendered":"<div data-elementor-type=\"wp-page\" data-elementor-id=\"10\" class=\"elementor elementor-10\" data-elementor-post-type=\"page\">\n\t\t\t\t\t\t<section class=\"elementor-section elementor-top-section elementor-element elementor-element-52eefe5 elementor-section-boxed elementor-section-height-default elementor-section-height-default\" data-id=\"52eefe5\" data-element_type=\"section\" data-e-type=\"section\" data-settings=\"{&quot;background_background&quot;:&quot;classic&quot;}\">\n\t\t\t\t\t\t\t<div class=\"elementor-background-overlay\"><\/div>\n\t\t\t\t\t\t\t<div class=\"elementor-container elementor-column-gap-default\">\n\t\t\t\t\t<div class=\"elementor-column elementor-col-100 elementor-top-column elementor-element elementor-element-54a165b\" data-id=\"54a165b\" data-element_type=\"column\" data-e-type=\"column\">\n\t\t\t<div class=\"elementor-widget-wrap elementor-element-populated\">\n\t\t\t\t\t\t\t<\/div>\n\t\t<\/div>\n\t\t\t\t\t<\/div>\n\t\t<\/section>\n\t\t\t\t<section class=\"elementor-section elementor-top-section elementor-element elementor-element-65603e4 elementor-section-full_width elementor-section-height-default elementor-section-height-default\" data-id=\"65603e4\" data-element_type=\"section\" data-e-type=\"section\">\n\t\t\t\t\t\t<div class=\"elementor-container elementor-column-gap-default\">\n\t\t\t\t\t<div class=\"elementor-column elementor-col-100 elementor-top-column elementor-element elementor-element-9c3c2c6\" data-id=\"9c3c2c6\" data-element_type=\"column\" data-e-type=\"column\">\n\t\t\t<div class=\"elementor-widget-wrap elementor-element-populated\">\n\t\t\t\t\t\t<div class=\"elementor-element elementor-element-775f771 elementor-widget elementor-widget-heading\" data-id=\"775f771\" data-element_type=\"widget\" data-e-type=\"widget\" data-widget_type=\"heading.default\">\n\t\t\t\t\t<h2 class=\"elementor-heading-title elementor-size-default\">Ongi etorri Gorka Lasa Jardiner\u00eda<\/h2>\t\t\t\t<\/div>\n\t\t\t\t\t<\/div>\n\t\t<\/div>\n\t\t\t\t\t<\/div>\n\t\t<\/section>\n\t\t<div class=\"elementor-element elementor-element-96cea67 e-flex e-con-boxed e-con e-parent\" data-id=\"96cea67\" data-element_type=\"container\" data-e-type=\"container\">\n\t\t\t\t\t<div class=\"e-con-inner\">\n\t\t<div class=\"elementor-element elementor-element-35c0e8a e-con-full e-flex e-con e-child\" data-id=\"35c0e8a\" data-element_type=\"container\" data-e-type=\"container\">\n\t\t\t\t<div class=\"elementor-element elementor-element-89f24e5 elementor-widget elementor-widget-image\" data-id=\"89f24e5\" data-element_type=\"widget\" data-e-type=\"widget\" data-widget_type=\"image.default\">\n\t\t\t\t\t\t\t\t\t\t\t\t\t\t\t<img fetchpriority=\"high\" decoding=\"async\" width=\"800\" height=\"534\" src=\"https:\/\/gorkalasajardineria.com\/wp-content\/uploads\/2025\/08\/25612-1024x683.jpg\" class=\"attachment-large size-large wp-image-123\" alt=\"\" srcset=\"https:\/\/gorkalasajardineria.com\/wp-content\/uploads\/2025\/08\/25612-1024x683.jpg 1024w, https:\/\/gorkalasajardineria.com\/wp-content\/uploads\/2025\/08\/25612-300x200.jpg 300w, https:\/\/gorkalasajardineria.com\/wp-content\/uploads\/2025\/08\/25612-768x512.jpg 768w, https:\/\/gorkalasajardineria.com\/wp-content\/uploads\/2025\/08\/25612-18x12.jpg 18w, https:\/\/gorkalasajardineria.com\/wp-content\/uploads\/2025\/08\/25612.jpg 1500w\" sizes=\"(max-width: 800px) 100vw, 800px\" \/>\t\t\t\t\t\t\t\t\t\t\t\t\t\t\t<\/div>\n\t\t\t\t<\/div>\n\t\t<div class=\"elementor-element elementor-element-27e6a53 e-con-full e-flex e-con e-child\" data-id=\"27e6a53\" data-element_type=\"container\" data-e-type=\"container\">\n\t\t<div class=\"elementor-element elementor-element-8b897c4 e-con-full e-flex e-con e-child\" data-id=\"8b897c4\" data-element_type=\"container\" data-e-type=\"container\">\n\t\t\t\t<div class=\"elementor-element elementor-element-0299a75 elementor-widget elementor-widget-text-editor\" data-id=\"0299a75\" data-element_type=\"widget\" data-e-type=\"widget\" data-widget_type=\"text-editor.default\">\n\t\t\t\t\t\t\t\t\t<p data-start=\"227\" data-end=\"406\">Gorka Lasa Jardiner\u00eda Bizkaian sustraiak dituen talde profesional bat gara, lorategiak pasioz, erantzukizunez eta xehetasunei arreta emanez zaintzen eta mantentzen dituena.<\/p><p data-start=\"408\" data-end=\"718\">Urte askotako esperientzia dugu sektorean, eta espazio mota bakoitzera egokitutako lorezaintzako zerbitzu integralak eskaintzen ditugu: lorategi partikular eta komunitateetatik hasi eta enpresen edo erakundeen berdeguneetara. Gure konpromisoa da zure espazioak beti osasuntsu, garbi eta ingurune naturalarekin harmonian mantentzea.<\/p><p data-start=\"720\" data-end=\"742\">Uste dugu ondo zaindutako lorategi batek espazio bat hobetzeaz gain, horretaz gozatzen dutenen bizi kalitatea ere hobetzen duela. Horregatik, dedikazioz eta errespetuz lan egiten dugu, lorategi bakoitza gurea balitz bezala.<\/p>\t\t\t\t\t\t\t\t<\/div>\n\t\t\t\t<\/div>\n\t\t\t\t<\/div>\n\t\t\t\t\t<\/div>\n\t\t\t\t<\/div>\n\t\t<div class=\"elementor-element elementor-element-0a591e4 e-flex e-con-boxed e-con e-parent\" data-id=\"0a591e4\" data-element_type=\"container\" data-e-type=\"container\">\n\t\t\t\t\t<div class=\"e-con-inner\">\n\t\t\t\t<div class=\"elementor-element elementor-element-4eaadbd elementor-cta--skin-cover elementor-animated-content elementor-bg-transform elementor-bg-transform-zoom-in elementor-widget elementor-widget-call-to-action\" data-id=\"4eaadbd\" data-element_type=\"widget\" data-e-type=\"widget\" data-widget_type=\"call-to-action.default\">\n\t\t\t\t\t\t\t<div class=\"elementor-cta\">\n\t\t\t\t\t<div class=\"elementor-cta__bg-wrapper\">\n\t\t\t\t<div class=\"elementor-cta__bg elementor-bg\" style=\"background-image: url(https:\/\/gorkalasajardineria.com\/wp-content\/uploads\/2025\/08\/1231-1024x683.jpg);\" role=\"img\" aria-label=\"1231\"><\/div>\n\t\t\t\t<div class=\"elementor-cta__bg-overlay\"><\/div>\n\t\t\t<\/div>\n\t\t\t\t\t\t\t<div class=\"elementor-cta__content\">\n\t\t\t\t\n\t\t\t\t\t\t\t\t\t<h2 class=\"elementor-cta__title elementor-cta__content-item elementor-content-item elementor-animated-item--grow\">\n\t\t\t\t\t\tLorategiak urte osoan mantentzea\t\t\t\t\t<\/h2>\n\t\t\t\t\n\t\t\t\t\t\t\t\t\t<div class=\"elementor-cta__description elementor-cta__content-item elementor-content-item elementor-animated-item--grow\">\n\t\t\t\t\t\tBelarra moztu, ongarritu, garbitu eta zure lorategia aldizka berrikusiko dugu, beti bikain egon dadin. ...\n\n\t\t\t\t\t<\/div>\n\t\t\t\t\n\t\t\t\t\t\t\t\t\t<div class=\"elementor-cta__button-wrapper elementor-cta__content-item elementor-content-item elementor-animated-item--grow\">\n\t\t\t\t\t<a class=\"elementor-cta__button elementor-button elementor-size-\" href=\"https:\/\/gorkalasajardineria.com\/eu\/servicios\/\">\n\t\t\t\t\t\tZerbitzuak\t\t\t\t\t<\/a>\n\t\t\t\t\t<\/div>\n\t\t\t\t\t\t\t<\/div>\n\t\t\t\t\t\t<\/div>\n\t\t\t\t\t\t<\/div>\n\t\t\t\t\t<\/div>\n\t\t\t\t<\/div>\n\t\t\t\t<\/div>","protected":false},"excerpt":{"rendered":"<p>Bienvenidos a Gorka Lasa Jardiner\u00eda En Gorka Lasa Jardiner\u00eda somos un equipo profesional con ra\u00edces en Bizkaia, dedicados al cuidado y mantenimiento de jardines con pasi\u00f3n, responsabilidad y atenci\u00f3n al detalle. Con a\u00f1os de experiencia en el sector, ofrecemos servicios integrales de jardiner\u00eda adaptados a cada tipo de espacio: desde jardines particulares y comunidades hasta [&hellip;]<\/p>\n","protected":false},"author":1,"featured_media":0,"parent":0,"menu_order":0,"comment_status":"closed","ping_status":"closed","template":"elementor_canvas","meta":{"footnotes":""},"class_list":["post-10","page","type-page","status-publish","hentry"],"yoast_head":"<!-- This site is optimized with the Yoast SEO plugin v27.3 - https:\/\/yoast.com\/product\/yoast-seo-wordpress\/ -->\n<title>Inicio - Gorka Lasa Jardineria<\/title>\n<meta name=\"robots\" content=\"index, follow, max-snippet:-1, max-image-preview:large, max-video-preview:-1\" \/>\n<link rel=\"canonical\" href=\"https:\/\/gorkalasajardineria.com\/eu\/\" \/>\n<meta property=\"og:locale\" content=\"en_US\" \/>\n<meta property=\"og:type\" content=\"article\" \/>\n<meta property=\"og:title\" content=\"Inicio - Gorka Lasa Jardineria\" \/>\n<meta property=\"og:description\" content=\"Bienvenidos a Gorka Lasa Jardiner\u00eda En Gorka Lasa Jardiner\u00eda somos un equipo profesional con ra\u00edces en Bizkaia, dedicados al cuidado y mantenimiento de jardines con pasi\u00f3n, responsabilidad y atenci\u00f3n al detalle. Con a\u00f1os de experiencia en el sector, ofrecemos servicios integrales de jardiner\u00eda adaptados a cada tipo de espacio: desde jardines particulares y comunidades hasta [&hellip;]\" \/>\n<meta property=\"og:url\" content=\"https:\/\/gorkalasajardineria.com\/eu\/\" \/>\n<meta property=\"og:site_name\" content=\"Gorka Lasa Jardineria\" \/>\n<meta property=\"article:modified_time\" content=\"2025-08-04T08:12:16+00:00\" \/>\n<meta property=\"og:image\" content=\"https:\/\/gorkalasajardineria.com\/wp-content\/uploads\/2025\/08\/25612-1024x683.jpg\" \/>\n<meta name=\"twitter:card\" content=\"summary_large_image\" \/>\n<meta name=\"twitter:label1\" content=\"Est. reading time\" \/>\n\t<meta name=\"twitter:data1\" content=\"1 minutua\" \/>\n<script type=\"application\/ld+json\" class=\"yoast-schema-graph\">{\"@context\":\"https:\\\/\\\/schema.org\",\"@graph\":[{\"@type\":\"WebPage\",\"@id\":\"https:\\\/\\\/gorkalasajardineria.com\\\/\",\"url\":\"https:\\\/\\\/gorkalasajardineria.com\\\/\",\"name\":\"Inicio - Gorka Lasa Jardineria\",\"isPartOf\":{\"@id\":\"https:\\\/\\\/gorkalasajardineria.com\\\/#website\"},\"primaryImageOfPage\":{\"@id\":\"https:\\\/\\\/gorkalasajardineria.com\\\/#primaryimage\"},\"image\":{\"@id\":\"https:\\\/\\\/gorkalasajardineria.com\\\/#primaryimage\"},\"thumbnailUrl\":\"https:\\\/\\\/gorkalasajardineria.com\\\/wp-content\\\/uploads\\\/2025\\\/08\\\/25612-1024x683.jpg\",\"datePublished\":\"2025-08-02T13:52:05+00:00\",\"dateModified\":\"2025-08-04T08:12:16+00:00\",\"breadcrumb\":{\"@id\":\"https:\\\/\\\/gorkalasajardineria.com\\\/#breadcrumb\"},\"inLanguage\":\"eu\",\"potentialAction\":[{\"@type\":\"ReadAction\",\"target\":[\"https:\\\/\\\/gorkalasajardineria.com\\\/\"]}]},{\"@type\":\"ImageObject\",\"inLanguage\":\"eu\",\"@id\":\"https:\\\/\\\/gorkalasajardineria.com\\\/#primaryimage\",\"url\":\"https:\\\/\\\/gorkalasajardineria.com\\\/wp-content\\\/uploads\\\/2025\\\/08\\\/25612-1024x683.jpg\",\"contentUrl\":\"https:\\\/\\\/gorkalasajardineria.com\\\/wp-content\\\/uploads\\\/2025\\\/08\\\/25612-1024x683.jpg\"},{\"@type\":\"BreadcrumbList\",\"@id\":\"https:\\\/\\\/gorkalasajardineria.com\\\/#breadcrumb\",\"itemListElement\":[{\"@type\":\"ListItem\",\"position\":1,\"name\":\"Portada\",\"item\":\"https:\\\/\\\/gorkalasajardineria.com\\\/\"},{\"@type\":\"ListItem\",\"position\":2,\"name\":\"Inicio\"}]},{\"@type\":\"WebSite\",\"@id\":\"https:\\\/\\\/gorkalasajardineria.com\\\/#website\",\"url\":\"https:\\\/\\\/gorkalasajardineria.com\\\/\",\"name\":\"Gorka Lasa Jardineria\",\"description\":\"Mantenimiento de jardines y podas\",\"publisher\":{\"@id\":\"https:\\\/\\\/gorkalasajardineria.com\\\/#organization\"},\"potentialAction\":[{\"@type\":\"SearchAction\",\"target\":{\"@type\":\"EntryPoint\",\"urlTemplate\":\"https:\\\/\\\/gorkalasajardineria.com\\\/?s={search_term_string}\"},\"query-input\":{\"@type\":\"PropertyValueSpecification\",\"valueRequired\":true,\"valueName\":\"search_term_string\"}}],\"inLanguage\":\"eu\"},{\"@type\":\"Organization\",\"@id\":\"https:\\\/\\\/gorkalasajardineria.com\\\/#organization\",\"name\":\"Gorka Lasa Jardineria\",\"url\":\"https:\\\/\\\/gorkalasajardineria.com\\\/\",\"logo\":{\"@type\":\"ImageObject\",\"inLanguage\":\"eu\",\"@id\":\"https:\\\/\\\/gorkalasajardineria.com\\\/#\\\/schema\\\/logo\\\/image\\\/\",\"url\":\"https:\\\/\\\/gorkalasajardineria.com\\\/wp-content\\\/uploads\\\/2025\\\/08\\\/cropped-logo.jpeg\",\"contentUrl\":\"https:\\\/\\\/gorkalasajardineria.com\\\/wp-content\\\/uploads\\\/2025\\\/08\\\/cropped-logo.jpeg\",\"width\":761,\"height\":424,\"caption\":\"Gorka Lasa Jardineria\"},\"image\":{\"@id\":\"https:\\\/\\\/gorkalasajardineria.com\\\/#\\\/schema\\\/logo\\\/image\\\/\"}}]}<\/script>\n<!-- \/ Yoast SEO plugin. -->","yoast_head_json":{"title":"Inicio - Gorka Lasa Jardineria","robots":{"index":"index","follow":"follow","max-snippet":"max-snippet:-1","max-image-preview":"max-image-preview:large","max-video-preview":"max-video-preview:-1"},"canonical":"https:\/\/gorkalasajardineria.com\/eu\/","og_locale":"en_US","og_type":"article","og_title":"Inicio - Gorka Lasa Jardineria","og_description":"Bienvenidos a Gorka Lasa Jardiner\u00eda En Gorka Lasa Jardiner\u00eda somos un equipo profesional con ra\u00edces en Bizkaia, dedicados al cuidado y mantenimiento de jardines con pasi\u00f3n, responsabilidad y atenci\u00f3n al detalle. Con a\u00f1os de experiencia en el sector, ofrecemos servicios integrales de jardiner\u00eda adaptados a cada tipo de espacio: desde jardines particulares y comunidades hasta [&hellip;]","og_url":"https:\/\/gorkalasajardineria.com\/eu\/","og_site_name":"Gorka Lasa Jardineria","article_modified_time":"2025-08-04T08:12:16+00:00","og_image":[{"url":"https:\/\/gorkalasajardineria.com\/wp-content\/uploads\/2025\/08\/25612-1024x683.jpg","type":"","width":"","height":""}],"twitter_card":"summary_large_image","twitter_misc":{"Est. reading time":"1 minutua"},"schema":{"@context":"https:\/\/schema.org","@graph":[{"@type":"WebPage","@id":"https:\/\/gorkalasajardineria.com\/","url":"https:\/\/gorkalasajardineria.com\/","name":"Inicio - Gorka Lasa Jardineria","isPartOf":{"@id":"https:\/\/gorkalasajardineria.com\/#website"},"primaryImageOfPage":{"@id":"https:\/\/gorkalasajardineria.com\/#primaryimage"},"image":{"@id":"https:\/\/gorkalasajardineria.com\/#primaryimage"},"thumbnailUrl":"https:\/\/gorkalasajardineria.com\/wp-content\/uploads\/2025\/08\/25612-1024x683.jpg","datePublished":"2025-08-02T13:52:05+00:00","dateModified":"2025-08-04T08:12:16+00:00","breadcrumb":{"@id":"https:\/\/gorkalasajardineria.com\/#breadcrumb"},"inLanguage":"eu","potentialAction":[{"@type":"ReadAction","target":["https:\/\/gorkalasajardineria.com\/"]}]},{"@type":"ImageObject","inLanguage":"eu","@id":"https:\/\/gorkalasajardineria.com\/#primaryimage","url":"https:\/\/gorkalasajardineria.com\/wp-content\/uploads\/2025\/08\/25612-1024x683.jpg","contentUrl":"https:\/\/gorkalasajardineria.com\/wp-content\/uploads\/2025\/08\/25612-1024x683.jpg"},{"@type":"BreadcrumbList","@id":"https:\/\/gorkalasajardineria.com\/#breadcrumb","itemListElement":[{"@type":"ListItem","position":1,"name":"Portada","item":"https:\/\/gorkalasajardineria.com\/"},{"@type":"ListItem","position":2,"name":"Inicio"}]},{"@type":"WebSite","@id":"https:\/\/gorkalasajardineria.com\/#website","url":"https:\/\/gorkalasajardineria.com\/","name":"Gorka Lasa Jardineria","description":"Mantenimiento de jardines y podas","publisher":{"@id":"https:\/\/gorkalasajardineria.com\/#organization"},"potentialAction":[{"@type":"SearchAction","target":{"@type":"EntryPoint","urlTemplate":"https:\/\/gorkalasajardineria.com\/?s={search_term_string}"},"query-input":{"@type":"PropertyValueSpecification","valueRequired":true,"valueName":"search_term_string"}}],"inLanguage":"eu"},{"@type":"Organization","@id":"https:\/\/gorkalasajardineria.com\/#organization","name":"Gorka Lasa Jardineria","url":"https:\/\/gorkalasajardineria.com\/","logo":{"@type":"ImageObject","inLanguage":"eu","@id":"https:\/\/gorkalasajardineria.com\/#\/schema\/logo\/image\/","url":"https:\/\/gorkalasajardineria.com\/wp-content\/uploads\/2025\/08\/cropped-logo.jpeg","contentUrl":"https:\/\/gorkalasajardineria.com\/wp-content\/uploads\/2025\/08\/cropped-logo.jpeg","width":761,"height":424,"caption":"Gorka Lasa Jardineria"},"image":{"@id":"https:\/\/gorkalasajardineria.com\/#\/schema\/logo\/image\/"}}]}},"_links":{"self":[{"href":"https:\/\/gorkalasajardineria.com\/eu\/wp-json\/wp\/v2\/pages\/10","targetHints":{"allow":["GET"]}}],"collection":[{"href":"https:\/\/gorkalasajardineria.com\/eu\/wp-json\/wp\/v2\/pages"}],"about":[{"href":"https:\/\/gorkalasajardineria.com\/eu\/wp-json\/wp\/v2\/types\/page"}],"author":[{"embeddable":true,"href":"https:\/\/gorkalasajardineria.com\/eu\/wp-json\/wp\/v2\/users\/1"}],"replies":[{"embeddable":true,"href":"https:\/\/gorkalasajardineria.com\/eu\/wp-json\/wp\/v2\/comments?post=10"}],"version-history":[{"count":52,"href":"https:\/\/gorkalasajardineria.com\/eu\/wp-json\/wp\/v2\/pages\/10\/revisions"}],"predecessor-version":[{"id":193,"href":"https:\/\/gorkalasajardineria.com\/eu\/wp-json\/wp\/v2\/pages\/10\/revisions\/193"}],"wp:attachment":[{"href":"https:\/\/gorkalasajardineria.com\/eu\/wp-json\/wp\/v2\/media?parent=10"}],"curies":[{"name":"wp","href":"https:\/\/api.w.org\/{rel}","templated":true}]}}