{"id":13,"date":"2025-08-02T13:55:42","date_gmt":"2025-08-02T13:55:42","guid":{"rendered":"https:\/\/gorkalasajardineria.rkinformatika.online\/?page_id=13"},"modified":"2025-08-08T08:22:49","modified_gmt":"2025-08-08T08:22:49","slug":"servicios","status":"publish","type":"page","link":"https:\/\/gorkalasajardineria.com\/eu\/servicios\/","title":{"rendered":"Zerbitzuak"},"content":{"rendered":"<div data-elementor-type=\"wp-page\" data-elementor-id=\"13\" class=\"elementor elementor-13\" data-elementor-post-type=\"page\">\n\t\t\t\t\t\t<section class=\"elementor-section elementor-top-section elementor-element elementor-element-ee9e916 elementor-section-boxed elementor-section-height-default elementor-section-height-default\" data-id=\"ee9e916\" data-element_type=\"section\" data-e-type=\"section\" data-settings=\"{&quot;background_background&quot;:&quot;classic&quot;}\">\n\t\t\t\t\t\t\t<div class=\"elementor-background-overlay\"><\/div>\n\t\t\t\t\t\t\t<div class=\"elementor-container elementor-column-gap-default\">\n\t\t\t\t\t<div class=\"elementor-column elementor-col-100 elementor-top-column elementor-element elementor-element-1eb6548\" data-id=\"1eb6548\" data-element_type=\"column\" data-e-type=\"column\">\n\t\t\t<div class=\"elementor-widget-wrap elementor-element-populated\">\n\t\t\t\t\t\t\t<\/div>\n\t\t<\/div>\n\t\t\t\t\t<\/div>\n\t\t<\/section>\n\t\t<div class=\"elementor-element elementor-element-7746415 e-flex e-con-boxed e-con e-parent\" data-id=\"7746415\" data-element_type=\"container\" data-e-type=\"container\">\n\t\t\t\t\t<div class=\"e-con-inner\">\n\t\t<div class=\"elementor-element elementor-element-7d59157 e-con-full e-flex e-con e-child\" data-id=\"7d59157\" data-element_type=\"container\" data-e-type=\"container\">\n\t\t\t\t<div class=\"elementor-element elementor-element-bbcebb6 elementor-position-top elementor-widget elementor-widget-image-box\" data-id=\"bbcebb6\" data-element_type=\"widget\" data-e-type=\"widget\" data-widget_type=\"image-box.default\">\n\t\t\t\t\t<div class=\"elementor-image-box-wrapper\"><figure class=\"elementor-image-box-img\"><img fetchpriority=\"high\" decoding=\"async\" width=\"1500\" height=\"1000\" src=\"https:\/\/gorkalasajardineria.com\/wp-content\/uploads\/2025\/08\/2078.jpg\" class=\"attachment-full size-full wp-image-172\" alt=\"\" srcset=\"https:\/\/gorkalasajardineria.com\/wp-content\/uploads\/2025\/08\/2078.jpg 1500w, https:\/\/gorkalasajardineria.com\/wp-content\/uploads\/2025\/08\/2078-300x200.jpg 300w, https:\/\/gorkalasajardineria.com\/wp-content\/uploads\/2025\/08\/2078-1024x683.jpg 1024w, https:\/\/gorkalasajardineria.com\/wp-content\/uploads\/2025\/08\/2078-768x512.jpg 768w, https:\/\/gorkalasajardineria.com\/wp-content\/uploads\/2025\/08\/2078-18x12.jpg 18w\" sizes=\"(max-width: 1500px) 100vw, 1500px\" \/><\/figure><div class=\"elementor-image-box-content\"><h3 class=\"elementor-image-box-title\">Mantenimiento de jardines<\/h3><p class=\"elementor-image-box-description\">Realizamos un cuidado completo y peri\u00f3dico de jardines en comunidades, viviendas particulares y empresas. Incluye:.<br><br>\n\n- Corte y perfilado de c\u00e9sped<br>\n\n- Abonado y aireado del suelo<br>\n\n- Control de malas hierbas<br>\n\n- Limpieza de hojas y restos vegetales<br>\n\n- Supervisi\u00f3n general del estado del jard\u00edn<\/p><\/div><\/div>\t\t\t\t<\/div>\n\t\t\t\t<\/div>\n\t\t<div class=\"elementor-element elementor-element-ebedda5 e-con-full e-flex e-con e-child\" data-id=\"ebedda5\" data-element_type=\"container\" data-e-type=\"container\">\n\t\t\t\t<div class=\"elementor-element elementor-element-8673cba elementor-position-top elementor-widget elementor-widget-image-box\" data-id=\"8673cba\" data-element_type=\"widget\" data-e-type=\"widget\" data-widget_type=\"image-box.default\">\n\t\t\t\t\t<div class=\"elementor-image-box-wrapper\"><figure class=\"elementor-image-box-img\"><img decoding=\"async\" width=\"1500\" height=\"1000\" src=\"https:\/\/gorkalasajardineria.com\/wp-content\/uploads\/2025\/08\/27628168.jpg\" class=\"attachment-full size-full wp-image-174\" alt=\"\" srcset=\"https:\/\/gorkalasajardineria.com\/wp-content\/uploads\/2025\/08\/27628168.jpg 1500w, https:\/\/gorkalasajardineria.com\/wp-content\/uploads\/2025\/08\/27628168-300x200.jpg 300w, https:\/\/gorkalasajardineria.com\/wp-content\/uploads\/2025\/08\/27628168-1024x683.jpg 1024w, https:\/\/gorkalasajardineria.com\/wp-content\/uploads\/2025\/08\/27628168-768x512.jpg 768w, https:\/\/gorkalasajardineria.com\/wp-content\/uploads\/2025\/08\/27628168-18x12.jpg 18w\" sizes=\"(max-width: 1500px) 100vw, 1500px\" \/><\/figure><div class=\"elementor-image-box-content\"><h3 class=\"elementor-image-box-title\">Podas de \u00e1rboles y arbustos<\/h3><p class=\"elementor-image-box-description\">Especialistas en poda segura y t\u00e9cnica adaptada a cada especie:\n\n<br><br>\n- Poda de formaci\u00f3n (dar forma al crecimiento)<br>\n\n - Poda de mantenimiento (retirar ramas secas o da\u00f1adas)<br>\n\n - Poda de altura (con equipos adecuados y todas las medidas de seguridad)<br>\n\n - Desbroce de vegetaci\u00f3n incontrolada<\/p><\/div><\/div>\t\t\t\t<\/div>\n\t\t\t\t<\/div>\n\t\t\t\t\t<\/div>\n\t\t\t\t<\/div>\n\t\t<div class=\"elementor-element elementor-element-b7930ed e-flex e-con-boxed e-con e-parent\" data-id=\"b7930ed\" data-element_type=\"container\" data-e-type=\"container\">\n\t\t\t\t\t<div class=\"e-con-inner\">\n\t\t\t\t<div class=\"elementor-element elementor-element-99f93fa elementor-cta--skin-cover elementor-animated-content elementor-bg-transform elementor-bg-transform-zoom-in elementor-widget elementor-widget-call-to-action\" data-id=\"99f93fa\" data-element_type=\"widget\" data-e-type=\"widget\" data-widget_type=\"call-to-action.default\">\n\t\t\t\t\t\t\t<div class=\"elementor-cta\">\n\t\t\t\t\t<div class=\"elementor-cta__bg-wrapper\">\n\t\t\t\t<div class=\"elementor-cta__bg elementor-bg\" style=\"background-image: url(https:\/\/gorkalasajardineria.com\/wp-content\/uploads\/2025\/08\/1231-1024x683.jpg);\" role=\"img\" aria-label=\"1231\"><\/div>\n\t\t\t\t<div class=\"elementor-cta__bg-overlay\"><\/div>\n\t\t\t<\/div>\n\t\t\t\t\t\t\t<div class=\"elementor-cta__content\">\n\t\t\t\t\n\t\t\t\t\t\t\t\t\t<h2 class=\"elementor-cta__title elementor-cta__content-item elementor-content-item elementor-animated-item--grow\">\n\t\t\t\t\t\tAtendemos particulares, comunidades y empresas.\t\t\t\t\t<\/h2>\n\t\t\t\t\n\t\t\t\t\t\t\t\t\t<div class=\"elementor-cta__description elementor-cta__content-item elementor-content-item elementor-animated-item--grow\">\n\t\t\t\t\t\tTu jard\u00edn merece atenci\u00f3n experta y cercana. \u00a1Hablemos!\n\t\t\t\t\t<\/div>\n\t\t\t\t\n\t\t\t\t\t\t\t\t\t<div class=\"elementor-cta__button-wrapper elementor-cta__content-item elementor-content-item elementor-animated-item--grow\">\n\t\t\t\t\t<a class=\"elementor-cta__button elementor-button elementor-size-\" href=\"https:\/\/gorkalasajardineria.com\/eu\/contacto\/\">\n\t\t\t\t\t\tKontaktua\t\t\t\t\t<\/a>\n\t\t\t\t\t<\/div>\n\t\t\t\t\t\t\t<\/div>\n\t\t\t\t\t\t<\/div>\n\t\t\t\t\t\t<\/div>\n\t\t\t\t\t<\/div>\n\t\t\t\t<\/div>\n\t\t\t\t<\/div>","protected":false},"excerpt":{"rendered":"<p>Mantenimiento de jardines Realizamos un cuidado completo y peri\u00f3dico de jardines en comunidades, viviendas particulares y empresas. Incluye:. &#8211; Corte y perfilado de c\u00e9sped &#8211; Abonado y aireado del suelo &#8211; Control de malas hierbas &#8211; Limpieza de hojas y restos vegetales &#8211; Supervisi\u00f3n general del estado del jard\u00edn Podas de \u00e1rboles y arbustos Especialistas [&hellip;]<\/p>\n","protected":false},"author":1,"featured_media":0,"parent":0,"menu_order":0,"comment_status":"closed","ping_status":"closed","template":"elementor_canvas","meta":{"footnotes":""},"class_list":["post-13","page","type-page","status-publish","hentry"],"yoast_head":"<!-- This site is optimized with the Yoast SEO plugin v27.3 - https:\/\/yoast.com\/product\/yoast-seo-wordpress\/ -->\n<title>Servicios - Gorka Lasa Jardineria<\/title>\n<meta name=\"robots\" content=\"index, follow, max-snippet:-1, max-image-preview:large, max-video-preview:-1\" \/>\n<link rel=\"canonical\" href=\"https:\/\/gorkalasajardineria.com\/eu\/servicios\/\" \/>\n<meta property=\"og:locale\" content=\"en_US\" \/>\n<meta property=\"og:type\" content=\"article\" \/>\n<meta property=\"og:title\" content=\"Servicios - Gorka Lasa Jardineria\" \/>\n<meta property=\"og:description\" content=\"Mantenimiento de jardines Realizamos un cuidado completo y peri\u00f3dico de jardines en comunidades, viviendas particulares y empresas. Incluye:. &#8211; Corte y perfilado de c\u00e9sped &#8211; Abonado y aireado del suelo &#8211; Control de malas hierbas &#8211; Limpieza de hojas y restos vegetales &#8211; Supervisi\u00f3n general del estado del jard\u00edn Podas de \u00e1rboles y arbustos Especialistas [&hellip;]\" \/>\n<meta property=\"og:url\" content=\"https:\/\/gorkalasajardineria.com\/eu\/servicios\/\" \/>\n<meta property=\"og:site_name\" content=\"Gorka Lasa Jardineria\" \/>\n<meta property=\"article:modified_time\" content=\"2025-08-08T08:22:49+00:00\" \/>\n<meta property=\"og:image\" content=\"https:\/\/gorkalasajardineria.com\/wp-content\/uploads\/2025\/08\/2078.jpg\" \/>\n\t<meta property=\"og:image:width\" content=\"1500\" \/>\n\t<meta property=\"og:image:height\" content=\"1000\" \/>\n\t<meta property=\"og:image:type\" content=\"image\/jpeg\" \/>\n<meta name=\"twitter:card\" content=\"summary_large_image\" \/>\n<meta name=\"twitter:label1\" content=\"Est. reading time\" \/>\n\t<meta name=\"twitter:data1\" content=\"1 minutua\" \/>\n<script type=\"application\/ld+json\" class=\"yoast-schema-graph\">{\"@context\":\"https:\\\/\\\/schema.org\",\"@graph\":[{\"@type\":\"WebPage\",\"@id\":\"https:\\\/\\\/gorkalasajardineria.com\\\/servicios\\\/\",\"url\":\"https:\\\/\\\/gorkalasajardineria.com\\\/servicios\\\/\",\"name\":\"Servicios - Gorka Lasa Jardineria\",\"isPartOf\":{\"@id\":\"https:\\\/\\\/gorkalasajardineria.com\\\/#website\"},\"primaryImageOfPage\":{\"@id\":\"https:\\\/\\\/gorkalasajardineria.com\\\/servicios\\\/#primaryimage\"},\"image\":{\"@id\":\"https:\\\/\\\/gorkalasajardineria.com\\\/servicios\\\/#primaryimage\"},\"thumbnailUrl\":\"https:\\\/\\\/gorkalasajardineria.com\\\/wp-content\\\/uploads\\\/2025\\\/08\\\/2078.jpg\",\"datePublished\":\"2025-08-02T13:55:42+00:00\",\"dateModified\":\"2025-08-08T08:22:49+00:00\",\"breadcrumb\":{\"@id\":\"https:\\\/\\\/gorkalasajardineria.com\\\/servicios\\\/#breadcrumb\"},\"inLanguage\":\"eu\",\"potentialAction\":[{\"@type\":\"ReadAction\",\"target\":[\"https:\\\/\\\/gorkalasajardineria.com\\\/servicios\\\/\"]}]},{\"@type\":\"ImageObject\",\"inLanguage\":\"eu\",\"@id\":\"https:\\\/\\\/gorkalasajardineria.com\\\/servicios\\\/#primaryimage\",\"url\":\"https:\\\/\\\/gorkalasajardineria.com\\\/wp-content\\\/uploads\\\/2025\\\/08\\\/2078.jpg\",\"contentUrl\":\"https:\\\/\\\/gorkalasajardineria.com\\\/wp-content\\\/uploads\\\/2025\\\/08\\\/2078.jpg\"},{\"@type\":\"BreadcrumbList\",\"@id\":\"https:\\\/\\\/gorkalasajardineria.com\\\/servicios\\\/#breadcrumb\",\"itemListElement\":[{\"@type\":\"ListItem\",\"position\":1,\"name\":\"Portada\",\"item\":\"https:\\\/\\\/gorkalasajardineria.com\\\/\"},{\"@type\":\"ListItem\",\"position\":2,\"name\":\"Servicios\"}]},{\"@type\":\"WebSite\",\"@id\":\"https:\\\/\\\/gorkalasajardineria.com\\\/#website\",\"url\":\"https:\\\/\\\/gorkalasajardineria.com\\\/\",\"name\":\"Gorka Lasa Jardineria\",\"description\":\"Mantenimiento de jardines y podas\",\"publisher\":{\"@id\":\"https:\\\/\\\/gorkalasajardineria.com\\\/#organization\"},\"potentialAction\":[{\"@type\":\"SearchAction\",\"target\":{\"@type\":\"EntryPoint\",\"urlTemplate\":\"https:\\\/\\\/gorkalasajardineria.com\\\/?s={search_term_string}\"},\"query-input\":{\"@type\":\"PropertyValueSpecification\",\"valueRequired\":true,\"valueName\":\"search_term_string\"}}],\"inLanguage\":\"eu\"},{\"@type\":\"Organization\",\"@id\":\"https:\\\/\\\/gorkalasajardineria.com\\\/#organization\",\"name\":\"Gorka Lasa Jardineria\",\"url\":\"https:\\\/\\\/gorkalasajardineria.com\\\/\",\"logo\":{\"@type\":\"ImageObject\",\"inLanguage\":\"eu\",\"@id\":\"https:\\\/\\\/gorkalasajardineria.com\\\/#\\\/schema\\\/logo\\\/image\\\/\",\"url\":\"https:\\\/\\\/gorkalasajardineria.com\\\/wp-content\\\/uploads\\\/2025\\\/08\\\/cropped-logo.jpeg\",\"contentUrl\":\"https:\\\/\\\/gorkalasajardineria.com\\\/wp-content\\\/uploads\\\/2025\\\/08\\\/cropped-logo.jpeg\",\"width\":761,\"height\":424,\"caption\":\"Gorka Lasa Jardineria\"},\"image\":{\"@id\":\"https:\\\/\\\/gorkalasajardineria.com\\\/#\\\/schema\\\/logo\\\/image\\\/\"}}]}<\/script>\n<!-- \/ Yoast SEO plugin. -->","yoast_head_json":{"title":"Servicios - Gorka Lasa Jardineria","robots":{"index":"index","follow":"follow","max-snippet":"max-snippet:-1","max-image-preview":"max-image-preview:large","max-video-preview":"max-video-preview:-1"},"canonical":"https:\/\/gorkalasajardineria.com\/eu\/servicios\/","og_locale":"en_US","og_type":"article","og_title":"Servicios - Gorka Lasa Jardineria","og_description":"Mantenimiento de jardines Realizamos un cuidado completo y peri\u00f3dico de jardines en comunidades, viviendas particulares y empresas. Incluye:. &#8211; Corte y perfilado de c\u00e9sped &#8211; Abonado y aireado del suelo &#8211; Control de malas hierbas &#8211; Limpieza de hojas y restos vegetales &#8211; Supervisi\u00f3n general del estado del jard\u00edn Podas de \u00e1rboles y arbustos Especialistas [&hellip;]","og_url":"https:\/\/gorkalasajardineria.com\/eu\/servicios\/","og_site_name":"Gorka Lasa Jardineria","article_modified_time":"2025-08-08T08:22:49+00:00","og_image":[{"width":1500,"height":1000,"url":"https:\/\/gorkalasajardineria.com\/wp-content\/uploads\/2025\/08\/2078.jpg","type":"image\/jpeg"}],"twitter_card":"summary_large_image","twitter_misc":{"Est. reading time":"1 minutua"},"schema":{"@context":"https:\/\/schema.org","@graph":[{"@type":"WebPage","@id":"https:\/\/gorkalasajardineria.com\/servicios\/","url":"https:\/\/gorkalasajardineria.com\/servicios\/","name":"Servicios - Gorka Lasa Jardineria","isPartOf":{"@id":"https:\/\/gorkalasajardineria.com\/#website"},"primaryImageOfPage":{"@id":"https:\/\/gorkalasajardineria.com\/servicios\/#primaryimage"},"image":{"@id":"https:\/\/gorkalasajardineria.com\/servicios\/#primaryimage"},"thumbnailUrl":"https:\/\/gorkalasajardineria.com\/wp-content\/uploads\/2025\/08\/2078.jpg","datePublished":"2025-08-02T13:55:42+00:00","dateModified":"2025-08-08T08:22:49+00:00","breadcrumb":{"@id":"https:\/\/gorkalasajardineria.com\/servicios\/#breadcrumb"},"inLanguage":"eu","potentialAction":[{"@type":"ReadAction","target":["https:\/\/gorkalasajardineria.com\/servicios\/"]}]},{"@type":"ImageObject","inLanguage":"eu","@id":"https:\/\/gorkalasajardineria.com\/servicios\/#primaryimage","url":"https:\/\/gorkalasajardineria.com\/wp-content\/uploads\/2025\/08\/2078.jpg","contentUrl":"https:\/\/gorkalasajardineria.com\/wp-content\/uploads\/2025\/08\/2078.jpg"},{"@type":"BreadcrumbList","@id":"https:\/\/gorkalasajardineria.com\/servicios\/#breadcrumb","itemListElement":[{"@type":"ListItem","position":1,"name":"Portada","item":"https:\/\/gorkalasajardineria.com\/"},{"@type":"ListItem","position":2,"name":"Servicios"}]},{"@type":"WebSite","@id":"https:\/\/gorkalasajardineria.com\/#website","url":"https:\/\/gorkalasajardineria.com\/","name":"Gorka Lasa Jardineria","description":"Mantenimiento de jardines y podas","publisher":{"@id":"https:\/\/gorkalasajardineria.com\/#organization"},"potentialAction":[{"@type":"SearchAction","target":{"@type":"EntryPoint","urlTemplate":"https:\/\/gorkalasajardineria.com\/?s={search_term_string}"},"query-input":{"@type":"PropertyValueSpecification","valueRequired":true,"valueName":"search_term_string"}}],"inLanguage":"eu"},{"@type":"Organization","@id":"https:\/\/gorkalasajardineria.com\/#organization","name":"Gorka Lasa Jardineria","url":"https:\/\/gorkalasajardineria.com\/","logo":{"@type":"ImageObject","inLanguage":"eu","@id":"https:\/\/gorkalasajardineria.com\/#\/schema\/logo\/image\/","url":"https:\/\/gorkalasajardineria.com\/wp-content\/uploads\/2025\/08\/cropped-logo.jpeg","contentUrl":"https:\/\/gorkalasajardineria.com\/wp-content\/uploads\/2025\/08\/cropped-logo.jpeg","width":761,"height":424,"caption":"Gorka Lasa Jardineria"},"image":{"@id":"https:\/\/gorkalasajardineria.com\/#\/schema\/logo\/image\/"}}]}},"_links":{"self":[{"href":"https:\/\/gorkalasajardineria.com\/eu\/wp-json\/wp\/v2\/pages\/13","targetHints":{"allow":["GET"]}}],"collection":[{"href":"https:\/\/gorkalasajardineria.com\/eu\/wp-json\/wp\/v2\/pages"}],"about":[{"href":"https:\/\/gorkalasajardineria.com\/eu\/wp-json\/wp\/v2\/types\/page"}],"author":[{"embeddable":true,"href":"https:\/\/gorkalasajardineria.com\/eu\/wp-json\/wp\/v2\/users\/1"}],"replies":[{"embeddable":true,"href":"https:\/\/gorkalasajardineria.com\/eu\/wp-json\/wp\/v2\/comments?post=13"}],"version-history":[{"count":34,"href":"https:\/\/gorkalasajardineria.com\/eu\/wp-json\/wp\/v2\/pages\/13\/revisions"}],"predecessor-version":[{"id":255,"href":"https:\/\/gorkalasajardineria.com\/eu\/wp-json\/wp\/v2\/pages\/13\/revisions\/255"}],"wp:attachment":[{"href":"https:\/\/gorkalasajardineria.com\/eu\/wp-json\/wp\/v2\/media?parent=13"}],"curies":[{"name":"wp","href":"https:\/\/api.w.org\/{rel}","templated":true}]}}